{"id":1720,"date":"2020-09-17T10:27:10","date_gmt":"2020-09-17T10:27:10","guid":{"rendered":"https:\/\/agathabenitez.com\/about\/"},"modified":"2026-02-24T23:38:16","modified_gmt":"2026-02-25T02:38:16","slug":"espanol-acerca-de","status":"publish","type":"page","link":"https:\/\/agathabenitez.com\/en\/about-me\/","title":{"rendered":"About me"},"content":{"rendered":"<p><\/p>\n<p data-path-to-node=\"1\">\u00a1Hola!<\/p>\n<h2 data-path-to-node=\"1\">Mi nombre es Agatha Ben\u00edtez.<\/h2>\n<p data-path-to-node=\"1\">Apasionada por la literatura desde la ni\u00f1ez, escribo con el prop\u00f3sito de encontrar un perpetuo lenguaje.<\/p>\n<p data-path-to-node=\"1\">Aprend\u00ed, por los malos caminos, que el \u00fanico valor que me llevar\u00e1 a mi plenitud, tanto literaria como personal, es el de la disciplina.<\/p>\n<p data-path-to-node=\"1\">El zorro es mi animal espiritual. Me identifico mucho con su pelaje, su carisma, su aplomo, caracter\u00edsticas que siempre dese\u00e9 para mi vida, y que aprend\u00ed que se desarrollan, no se heredan.<\/p>\n<p data-path-to-node=\"1\">Esta bit\u00e1cora busca honrar mi lema personal: Amar y avanzar. Amo mi ser, y avanzo en la palabra escrita.<\/p>\n<p><\/p>","protected":false},"excerpt":{"rendered":"<p>\u00a1Hola! Mi nombre es Agatha Ben\u00edtez. Apasionada por la literatura desde la ni\u00f1ez, escribo con el prop\u00f3sito de encontrar un perpetuo lenguaje. Aprend\u00ed, por los malos caminos, que el \u00fanico valor que me llevar\u00e1 a mi plenitud, tanto literaria como personal, es el de la disciplina. El zorro es mi animal espiritual. Me identifico mucho&hellip; <a class=\"more-link\" href=\"https:\/\/agathabenitez.com\/en\/about-me\/\">Continue reading <span class=\"screen-reader-text\">About me<\/span><\/a><\/p>\n","protected":false},"author":2,"featured_media":0,"parent":0,"menu_order":0,"comment_status":"closed","ping_status":"closed","template":"","meta":{"_acf_changed":false,"footnotes":""},"class_list":["post-1720","page","type-page","status-publish","hentry","entry"],"acf":[],"yoast_head":"<!-- This site is optimized with the Yoast SEO plugin v27.0 - https:\/\/yoast.com\/product\/yoast-seo-wordpress\/ -->\n<title>About me - Agatha Ben\u00edtez<\/title>\n<meta name=\"robots\" content=\"index, follow, max-snippet:-1, max-image-preview:large, max-video-preview:-1\" \/>\n<link rel=\"canonical\" href=\"https:\/\/agathabenitez.com\/en\/sobre-mim\/\" \/>\n<meta property=\"og:locale\" content=\"en_US\" \/>\n<meta property=\"og:type\" content=\"article\" \/>\n<meta property=\"og:title\" content=\"About me - Agatha Ben\u00edtez\" \/>\n<meta property=\"og:description\" content=\"\u00a1Hola! Mi nombre es Agatha Ben\u00edtez. Apasionada por la literatura desde la ni\u00f1ez, escribo con el prop\u00f3sito de encontrar un perpetuo lenguaje. Aprend\u00ed, por los malos caminos, que el \u00fanico valor que me llevar\u00e1 a mi plenitud, tanto literaria como personal, es el de la disciplina. El zorro es mi animal espiritual. Me identifico mucho&hellip; Continue reading About me\" \/>\n<meta property=\"og:url\" content=\"https:\/\/agathabenitez.com\/en\/sobre-mim\/\" \/>\n<meta property=\"og:site_name\" content=\"Agatha Ben\u00edtez\" \/>\n<meta property=\"article:modified_time\" content=\"2026-02-25T02:38:16+00:00\" \/>\n<meta name=\"twitter:card\" content=\"summary_large_image\" \/>\n<meta name=\"twitter:label1\" content=\"Est. reading time\" \/>\n\t<meta name=\"twitter:data1\" content=\"1 minute\" \/>\n<script type=\"application\/ld+json\" class=\"yoast-schema-graph\">{\"@context\":\"https:\/\/schema.org\",\"@graph\":[{\"@type\":\"WebPage\",\"@id\":\"https:\/\/agathabenitez.com\/en\/sobre-mim\/\",\"url\":\"https:\/\/agathabenitez.com\/en\/sobre-mim\/\",\"name\":\"About me - Agatha Ben\u00edtez\",\"isPartOf\":{\"@id\":\"https:\/\/agathabenitez.com\/en\/#website\"},\"datePublished\":\"2020-09-17T10:27:10+00:00\",\"dateModified\":\"2026-02-25T02:38:16+00:00\",\"breadcrumb\":{\"@id\":\"https:\/\/agathabenitez.com\/en\/sobre-mim\/#breadcrumb\"},\"inLanguage\":\"en-US\",\"potentialAction\":[{\"@type\":\"ReadAction\",\"target\":[[\"https:\/\/agathabenitez.com\/en\/sobre-mim\/\"]]}]},{\"@type\":\"BreadcrumbList\",\"@id\":\"https:\/\/agathabenitez.com\/en\/sobre-mim\/#breadcrumb\",\"itemListElement\":[{\"@type\":\"ListItem\",\"position\":1,\"name\":\"Home\",\"item\":\"https:\/\/agathabenitez.com\/en\/\"},{\"@type\":\"ListItem\",\"position\":2,\"name\":\"Sobre mim\"}]},{\"@type\":\"WebSite\",\"@id\":\"https:\/\/agathabenitez.com\/en\/#website\",\"url\":\"https:\/\/agathabenitez.com\/en\/\",\"name\":\"Agatha Ben\u00edtez\",\"description\":\"Escritora\",\"publisher\":{\"@id\":\"https:\/\/agathabenitez.com\/en\/#organization\"},\"potentialAction\":[{\"@type\":\"SearchAction\",\"target\":{\"@type\":\"EntryPoint\",\"urlTemplate\":\"https:\/\/agathabenitez.com\/en\/?s={search_term_string}\"},\"query-input\":{\"@type\":\"PropertyValueSpecification\",\"valueRequired\":true,\"valueName\":\"search_term_string\"}}],\"inLanguage\":\"en-US\"},{\"@type\":\"Organization\",\"@id\":\"https:\/\/agathabenitez.com\/en\/#organization\",\"name\":\"Agatha Ben\u00edtez\",\"url\":\"https:\/\/agathabenitez.com\/en\/\",\"logo\":{\"@type\":\"ImageObject\",\"inLanguage\":\"en-US\",\"@id\":\"https:\/\/agathabenitez.com\/en\/#\/schema\/logo\/image\/\",\"url\":\"https:\/\/agathabenitez.com\/wp-content\/uploads\/2026\/02\/logo.svg\",\"contentUrl\":\"https:\/\/agathabenitez.com\/wp-content\/uploads\/2026\/02\/logo.svg\",\"caption\":\"Agatha Ben\u00edtez\"},\"image\":{\"@id\":\"https:\/\/agathabenitez.com\/en\/#\/schema\/logo\/image\/\"}}]}<\/script>\n<!-- \/ Yoast SEO plugin. -->","yoast_head_json":{"title":"About me - Agatha Ben\u00edtez","robots":{"index":"index","follow":"follow","max-snippet":"max-snippet:-1","max-image-preview":"max-image-preview:large","max-video-preview":"max-video-preview:-1"},"canonical":"https:\/\/agathabenitez.com\/en\/sobre-mim\/","og_locale":"en_US","og_type":"article","og_title":"About me - Agatha Ben\u00edtez","og_description":"\u00a1Hola! Mi nombre es Agatha Ben\u00edtez. Apasionada por la literatura desde la ni\u00f1ez, escribo con el prop\u00f3sito de encontrar un perpetuo lenguaje. Aprend\u00ed, por los malos caminos, que el \u00fanico valor que me llevar\u00e1 a mi plenitud, tanto literaria como personal, es el de la disciplina. El zorro es mi animal espiritual. Me identifico mucho&hellip; Continue reading About me","og_url":"https:\/\/agathabenitez.com\/en\/sobre-mim\/","og_site_name":"Agatha Ben\u00edtez","article_modified_time":"2026-02-25T02:38:16+00:00","twitter_card":"summary_large_image","twitter_misc":{"Est. reading time":"1 minute"},"schema":{"@context":"https:\/\/schema.org","@graph":[{"@type":"WebPage","@id":"https:\/\/agathabenitez.com\/en\/sobre-mim\/","url":"https:\/\/agathabenitez.com\/en\/sobre-mim\/","name":"About me - Agatha Ben\u00edtez","isPartOf":{"@id":"https:\/\/agathabenitez.com\/en\/#website"},"datePublished":"2020-09-17T10:27:10+00:00","dateModified":"2026-02-25T02:38:16+00:00","breadcrumb":{"@id":"https:\/\/agathabenitez.com\/en\/sobre-mim\/#breadcrumb"},"inLanguage":"en-US","potentialAction":[{"@type":"ReadAction","target":[["https:\/\/agathabenitez.com\/en\/sobre-mim\/"]]}]},{"@type":"BreadcrumbList","@id":"https:\/\/agathabenitez.com\/en\/sobre-mim\/#breadcrumb","itemListElement":[{"@type":"ListItem","position":1,"name":"Home","item":"https:\/\/agathabenitez.com\/en\/"},{"@type":"ListItem","position":2,"name":"Sobre mim"}]},{"@type":"WebSite","@id":"https:\/\/agathabenitez.com\/en\/#website","url":"https:\/\/agathabenitez.com\/en\/","name":"Agatha Ben\u00edtez","description":"Escritora","publisher":{"@id":"https:\/\/agathabenitez.com\/en\/#organization"},"potentialAction":[{"@type":"SearchAction","target":{"@type":"EntryPoint","urlTemplate":"https:\/\/agathabenitez.com\/en\/?s={search_term_string}"},"query-input":{"@type":"PropertyValueSpecification","valueRequired":true,"valueName":"search_term_string"}}],"inLanguage":"en-US"},{"@type":"Organization","@id":"https:\/\/agathabenitez.com\/en\/#organization","name":"Agatha Ben\u00edtez","url":"https:\/\/agathabenitez.com\/en\/","logo":{"@type":"ImageObject","inLanguage":"en-US","@id":"https:\/\/agathabenitez.com\/en\/#\/schema\/logo\/image\/","url":"https:\/\/agathabenitez.com\/wp-content\/uploads\/2026\/02\/logo.svg","contentUrl":"https:\/\/agathabenitez.com\/wp-content\/uploads\/2026\/02\/logo.svg","caption":"Agatha Ben\u00edtez"},"image":{"@id":"https:\/\/agathabenitez.com\/en\/#\/schema\/logo\/image\/"}}]}},"_links":{"self":[{"href":"https:\/\/agathabenitez.com\/en\/wp-json\/wp\/v2\/pages\/1720","targetHints":{"allow":["GET"]}}],"collection":[{"href":"https:\/\/agathabenitez.com\/en\/wp-json\/wp\/v2\/pages"}],"about":[{"href":"https:\/\/agathabenitez.com\/en\/wp-json\/wp\/v2\/types\/page"}],"author":[{"embeddable":true,"href":"https:\/\/agathabenitez.com\/en\/wp-json\/wp\/v2\/users\/2"}],"replies":[{"embeddable":true,"href":"https:\/\/agathabenitez.com\/en\/wp-json\/wp\/v2\/comments?post=1720"}],"version-history":[{"count":35,"href":"https:\/\/agathabenitez.com\/en\/wp-json\/wp\/v2\/pages\/1720\/revisions"}],"predecessor-version":[{"id":2212,"href":"https:\/\/agathabenitez.com\/en\/wp-json\/wp\/v2\/pages\/1720\/revisions\/2212"}],"wp:attachment":[{"href":"https:\/\/agathabenitez.com\/en\/wp-json\/wp\/v2\/media?parent=1720"}],"curies":[{"name":"wp","href":"https:\/\/api.w.org\/{rel}","templated":true}]}}