{"id":2156,"date":"2026-02-16T20:46:29","date_gmt":"2026-02-16T20:46:29","guid":{"rendered":"https:\/\/agatha.test\/?page_id=2156"},"modified":"2026-02-18T17:04:35","modified_gmt":"2026-02-18T20:04:35","slug":"politica-de-privacidade","status":"publish","type":"page","link":"https:\/\/agathabenitez.com\/es\/politica-de-privacidad\/","title":{"rendered":"Pol\u00edtica de privacidad"},"content":{"rendered":"<p>Bienvenido al sitio web de\u00a0<strong>Agatha Ben\u00edtez<\/strong>. Su privacidad es de suma importancia para nosotros. Esta Pol\u00edtica de Privacidad describe c\u00f3mo\u00a0<strong>Agatha Ben\u00edtez<\/strong>\u00a0(\u00abnosotros\u00bb, \u00abnuestro\u00bb o \u00absitio\u00bb) recopila, usa, almacena y protege su informaci\u00f3n personal al acceder a\u00a0<strong><a class=\"text-link-color\" href=\"https:\/\/agathabenitez.com\/\">https:\/\/agathabenitez.com<\/a><\/strong>.<\/p>\n<p>Al utilizar nuestro Servicio, usted acepta la recopilaci\u00f3n y el uso de informaci\u00f3n de acuerdo con esta pol\u00edtica.<\/p>\n<h4 id=\"user-content-1-recopilaci\u00f3n-de-informaci\u00f3n\">1. Recopilaci\u00f3n de Informaci\u00f3n<\/h4>\n<p>Recopilamos varios tipos diferentes de informaci\u00f3n con diversos fines para brindarle y mejorar nuestro Servicio:<\/p>\n<ul>\n<li><strong>Datos de Identificaci\u00f3n Personal:<\/strong>\u00a0Nombre, direcci\u00f3n de correo electr\u00f3nico y otra informaci\u00f3n proporcionada voluntariamente al suscribirse a nuestro\u00a0<strong>Bolet\u00edn<\/strong>, completar formularios de contacto o comentar en nuestras publicaciones.<\/li>\n<li><strong>Datos de Uso:<\/strong>\u00a0Direcci\u00f3n de Protocolo de Internet (IP), tipo de navegador, versi\u00f3n del navegador, las p\u00e1ginas de nuestro Servicio que visita, la hora y fecha de su visita, el tiempo que pasa en esas p\u00e1ginas y otros datos de diagn\u00f3stico.<\/li>\n<li><strong>Datos de Rastreo y Cookies:<\/strong>\u00a0Utilizamos cookies y tecnolog\u00edas de seguimiento similares para rastrear la actividad en nuestro Servicio y mantener cierta informaci\u00f3n (detallada en nuestra Pol\u00edtica de Cookies).<\/li>\n<\/ul>\n<h4 id=\"user-content-2-uso-de-datos\">2. Uso de Datos<\/h4>\n<p><strong>Agatha Ben\u00edtez<\/strong>\u00a0utiliza los datos recopilados para diversos fines:<\/p>\n<ul>\n<li>Para proporcionar y mantener el Servicio operativo;<\/li>\n<li>Para notificarle sobre cambios en nuestro Servicio;<\/li>\n<li>Para permitirle participar en funciones interactivas de nuestro Servicio (como comentarios) cuando decida hacerlo;<\/li>\n<li>Para brindar atenci\u00f3n al cliente;<\/li>\n<li>Para monitorear el uso del Servicio y detectar, prevenir y abordar problemas t\u00e9cnicos;<\/li>\n<li>Para enviarle noticias, materiales de marketing o promocionales y otra informaci\u00f3n que pueda ser de su inter\u00e9s (puede optar por no recibir estas comunicaciones en cualquier momento siguiendo el enlace de cancelaci\u00f3n de suscripci\u00f3n).<\/li>\n<\/ul>\n<h4 id=\"user-content-3-base-legal-gdpr\">3. Base Legal (GDPR)<\/h4>\n<p>Si usted es del Espacio Econ\u00f3mico Europeo (EEE), la base legal de\u00a0<strong>Agatha Ben\u00edtez<\/strong>\u00a0para recopilar y utilizar la informaci\u00f3n personal descrita en esta Pol\u00edtica de Privacidad depende de los Datos Personales que recopilamos y del contexto espec\u00edfico en el que los recopilamos:<\/p>\n<ul>\n<li><strong>Agatha Ben\u00edtez<\/strong>\u00a0necesita ejecutar un contrato con usted;<\/li>\n<li>Nos ha dado su permiso expl\u00edcito para hacerlo;<\/li>\n<li>El procesamiento es de nuestro leg\u00edtimo inter\u00e9s y no es anulado por sus derechos;<\/li>\n<li>Para cumplir con la ley.<\/li>\n<\/ul>\n<h4 id=\"user-content-4-retenci\u00f3n-y-seguridad-de-datos\">4. Retenci\u00f3n y Seguridad de Datos<\/h4>\n<p><strong>Agatha Ben\u00edtez<\/strong>\u00a0retendr\u00e1 sus Datos Personales solo durante el tiempo que sea necesario para los fines establecidos en esta Pol\u00edtica de Privacidad. Retendremos y utilizaremos sus Datos Personales en la medida necesaria para cumplir con nuestras obligaciones legales (por ejemplo, si estamos obligados a retener sus datos para cumplir con las leyes aplicables), resolver disputas y hacer cumplir nuestros acuerdos y pol\u00edticas legales. La seguridad de sus datos es importante para nosotros, pero recuerde que ning\u00fan m\u00e9todo de transmisi\u00f3n a trav\u00e9s de Internet o m\u00e9todo de almacenamiento electr\u00f3nico es 100% seguro. Si bien nos esforzamos por utilizar medios comercialmente aceptables para proteger sus Datos Personales, no podemos garantizar su seguridad absoluta.<\/p>\n<h4 id=\"user-content-5-intercambio-de-datos\">5. Intercambio de Datos<\/h4>\n<p>No vendemos, intercambiamos ni transferimos sus datos personales a terceros, a menos que le notifiquemos con antelaci\u00f3n. Esto no incluye a los socios de alojamiento web y otras partes que nos ayudan a operar nuestro sitio web, llevar a cabo nuestro negocio o servirle, siempre que esas partes acuerden mantener esta informaci\u00f3n confidencial. Tambi\u00e9n podemos divulgar su informaci\u00f3n cuando creamos que la divulgaci\u00f3n es apropiada para cumplir con la ley, hacer cumplir nuestras pol\u00edticas del sitio o proteger nuestros derechos, propiedad o seguridad.<\/p>\n<h4 id=\"user-content-6-derechos-del-usuario\">6. Derechos del Usuario<\/h4>\n<p>Seg\u00fan el Reglamento General de Protecci\u00f3n de Datos (GDPR), usted tiene derechos, que incluyen:<\/p>\n<ul>\n<li>El derecho a acceder, actualizar o eliminar la informaci\u00f3n que tenemos sobre usted.<\/li>\n<li>El derecho de rectificaci\u00f3n (corregir datos inexactos).<\/li>\n<li>El derecho de oposici\u00f3n (oponerse al procesamiento).<\/li>\n<li>El derecho de restricci\u00f3n (solicitar la restricci\u00f3n del procesamiento).<\/li>\n<li>El derecho a la portabilidad de datos.<\/li>\n<li>El derecho a retirar el consentimiento.<\/li>\n<\/ul>\n<p>Para ejercer estos derechos, por favor cont\u00e1ctenos a trav\u00e9s de nuestros canales oficiales.<\/p>","protected":false},"excerpt":{"rendered":"<p>Bienvenido al sitio web de\u00a0Agatha Ben\u00edtez. Su privacidad es de suma importancia para nosotros. Esta Pol\u00edtica de Privacidad describe c\u00f3mo\u00a0Agatha Ben\u00edtez\u00a0(\u00abnosotros\u00bb, \u00abnuestro\u00bb o \u00absitio\u00bb) recopila, usa, almacena y protege su informaci\u00f3n personal al acceder a\u00a0https:\/\/agathabenitez.com. Al utilizar nuestro Servicio, usted acepta la recopilaci\u00f3n y el uso de informaci\u00f3n de acuerdo con esta pol\u00edtica. 1. Recopilaci\u00f3n&hellip; <a class=\"more-link\" href=\"https:\/\/agathabenitez.com\/es\/politica-de-privacidad\/\">Seguir leyendo <span class=\"screen-reader-text\">Pol\u00edtica de privacidad<\/span><\/a><\/p>\n","protected":false},"author":7,"featured_media":0,"parent":0,"menu_order":0,"comment_status":"closed","ping_status":"closed","template":"","meta":{"_acf_changed":false,"footnotes":""},"class_list":["post-2156","page","type-page","status-publish","hentry","entry"],"acf":[],"yoast_head":"<!-- This site is optimized with the Yoast SEO plugin v27.0 - https:\/\/yoast.com\/product\/yoast-seo-wordpress\/ -->\n<title>Pol\u00edtica de privacidad - Agatha Ben\u00edtez<\/title>\n<meta name=\"robots\" content=\"index, follow, max-snippet:-1, max-image-preview:large, max-video-preview:-1\" \/>\n<link rel=\"canonical\" href=\"https:\/\/agathabenitez.com\/es\/politica-de-privacidade\/\" \/>\n<meta property=\"og:locale\" content=\"es_ES\" \/>\n<meta property=\"og:type\" content=\"article\" \/>\n<meta property=\"og:title\" content=\"Pol\u00edtica de privacidad - Agatha Ben\u00edtez\" \/>\n<meta property=\"og:description\" content=\"Bienvenido al sitio web de\u00a0Agatha Ben\u00edtez. Su privacidad es de suma importancia para nosotros. Esta Pol\u00edtica de Privacidad describe c\u00f3mo\u00a0Agatha Ben\u00edtez\u00a0(\u00abnosotros\u00bb, \u00abnuestro\u00bb o \u00absitio\u00bb) recopila, usa, almacena y protege su informaci\u00f3n personal al acceder a\u00a0https:\/\/agathabenitez.com. Al utilizar nuestro Servicio, usted acepta la recopilaci\u00f3n y el uso de informaci\u00f3n de acuerdo con esta pol\u00edtica. 1. Recopilaci\u00f3n&hellip; Seguir leyendo Pol\u00edtica de privacidad\" \/>\n<meta property=\"og:url\" content=\"https:\/\/agathabenitez.com\/es\/politica-de-privacidade\/\" \/>\n<meta property=\"og:site_name\" content=\"Agatha Ben\u00edtez\" \/>\n<meta property=\"article:modified_time\" content=\"2026-02-18T20:04:35+00:00\" \/>\n<meta name=\"twitter:card\" content=\"summary_large_image\" \/>\n<meta name=\"twitter:label1\" content=\"Tiempo de lectura\" \/>\n\t<meta name=\"twitter:data1\" content=\"4 minutos\" \/>\n<script type=\"application\/ld+json\" class=\"yoast-schema-graph\">{\"@context\":\"https:\/\/schema.org\",\"@graph\":[{\"@type\":\"WebPage\",\"@id\":\"https:\/\/agathabenitez.com\/es\/politica-de-privacidade\/\",\"url\":\"https:\/\/agathabenitez.com\/es\/politica-de-privacidade\/\",\"name\":\"Pol\u00edtica de privacidad - Agatha Ben\u00edtez\",\"isPartOf\":{\"@id\":\"https:\/\/agathabenitez.com\/es\/#website\"},\"datePublished\":\"2026-02-16T20:46:29+00:00\",\"dateModified\":\"2026-02-18T20:04:35+00:00\",\"breadcrumb\":{\"@id\":\"https:\/\/agathabenitez.com\/es\/politica-de-privacidade\/#breadcrumb\"},\"inLanguage\":\"es\",\"potentialAction\":[{\"@type\":\"ReadAction\",\"target\":[[\"https:\/\/agathabenitez.com\/es\/politica-de-privacidade\/\"]]}]},{\"@type\":\"BreadcrumbList\",\"@id\":\"https:\/\/agathabenitez.com\/es\/politica-de-privacidade\/#breadcrumb\",\"itemListElement\":[{\"@type\":\"ListItem\",\"position\":1,\"name\":\"Portada\",\"item\":\"https:\/\/agathabenitez.com\/es\/\"},{\"@type\":\"ListItem\",\"position\":2,\"name\":\"Pol\u00edtica de privacidade\"}]},{\"@type\":\"WebSite\",\"@id\":\"https:\/\/agathabenitez.com\/es\/#website\",\"url\":\"https:\/\/agathabenitez.com\/es\/\",\"name\":\"Agatha Ben\u00edtez\",\"description\":\"Escritora\",\"publisher\":{\"@id\":\"https:\/\/agathabenitez.com\/es\/#organization\"},\"potentialAction\":[{\"@type\":\"SearchAction\",\"target\":{\"@type\":\"EntryPoint\",\"urlTemplate\":\"https:\/\/agathabenitez.com\/es\/?s={search_term_string}\"},\"query-input\":{\"@type\":\"PropertyValueSpecification\",\"valueRequired\":true,\"valueName\":\"search_term_string\"}}],\"inLanguage\":\"es\"},{\"@type\":\"Organization\",\"@id\":\"https:\/\/agathabenitez.com\/es\/#organization\",\"name\":\"Agatha Ben\u00edtez\",\"url\":\"https:\/\/agathabenitez.com\/es\/\",\"logo\":{\"@type\":\"ImageObject\",\"inLanguage\":\"es\",\"@id\":\"https:\/\/agathabenitez.com\/es\/#\/schema\/logo\/image\/\",\"url\":\"https:\/\/agathabenitez.com\/wp-content\/uploads\/2026\/02\/logo.svg\",\"contentUrl\":\"https:\/\/agathabenitez.com\/wp-content\/uploads\/2026\/02\/logo.svg\",\"caption\":\"Agatha Ben\u00edtez\"},\"image\":{\"@id\":\"https:\/\/agathabenitez.com\/es\/#\/schema\/logo\/image\/\"}}]}<\/script>\n<!-- \/ Yoast SEO plugin. -->","yoast_head_json":{"title":"Pol\u00edtica de privacidad - Agatha Ben\u00edtez","robots":{"index":"index","follow":"follow","max-snippet":"max-snippet:-1","max-image-preview":"max-image-preview:large","max-video-preview":"max-video-preview:-1"},"canonical":"https:\/\/agathabenitez.com\/es\/politica-de-privacidade\/","og_locale":"es_ES","og_type":"article","og_title":"Pol\u00edtica de privacidad - Agatha Ben\u00edtez","og_description":"Bienvenido al sitio web de\u00a0Agatha Ben\u00edtez. Su privacidad es de suma importancia para nosotros. Esta Pol\u00edtica de Privacidad describe c\u00f3mo\u00a0Agatha Ben\u00edtez\u00a0(\u00abnosotros\u00bb, \u00abnuestro\u00bb o \u00absitio\u00bb) recopila, usa, almacena y protege su informaci\u00f3n personal al acceder a\u00a0https:\/\/agathabenitez.com. Al utilizar nuestro Servicio, usted acepta la recopilaci\u00f3n y el uso de informaci\u00f3n de acuerdo con esta pol\u00edtica. 1. Recopilaci\u00f3n&hellip; Seguir leyendo Pol\u00edtica de privacidad","og_url":"https:\/\/agathabenitez.com\/es\/politica-de-privacidade\/","og_site_name":"Agatha Ben\u00edtez","article_modified_time":"2026-02-18T20:04:35+00:00","twitter_card":"summary_large_image","twitter_misc":{"Tiempo de lectura":"4 minutos"},"schema":{"@context":"https:\/\/schema.org","@graph":[{"@type":"WebPage","@id":"https:\/\/agathabenitez.com\/es\/politica-de-privacidade\/","url":"https:\/\/agathabenitez.com\/es\/politica-de-privacidade\/","name":"Pol\u00edtica de privacidad - Agatha Ben\u00edtez","isPartOf":{"@id":"https:\/\/agathabenitez.com\/es\/#website"},"datePublished":"2026-02-16T20:46:29+00:00","dateModified":"2026-02-18T20:04:35+00:00","breadcrumb":{"@id":"https:\/\/agathabenitez.com\/es\/politica-de-privacidade\/#breadcrumb"},"inLanguage":"es","potentialAction":[{"@type":"ReadAction","target":[["https:\/\/agathabenitez.com\/es\/politica-de-privacidade\/"]]}]},{"@type":"BreadcrumbList","@id":"https:\/\/agathabenitez.com\/es\/politica-de-privacidade\/#breadcrumb","itemListElement":[{"@type":"ListItem","position":1,"name":"Portada","item":"https:\/\/agathabenitez.com\/es\/"},{"@type":"ListItem","position":2,"name":"Pol\u00edtica de privacidade"}]},{"@type":"WebSite","@id":"https:\/\/agathabenitez.com\/es\/#website","url":"https:\/\/agathabenitez.com\/es\/","name":"Agatha Ben\u00edtez","description":"Escritora","publisher":{"@id":"https:\/\/agathabenitez.com\/es\/#organization"},"potentialAction":[{"@type":"SearchAction","target":{"@type":"EntryPoint","urlTemplate":"https:\/\/agathabenitez.com\/es\/?s={search_term_string}"},"query-input":{"@type":"PropertyValueSpecification","valueRequired":true,"valueName":"search_term_string"}}],"inLanguage":"es"},{"@type":"Organization","@id":"https:\/\/agathabenitez.com\/es\/#organization","name":"Agatha Ben\u00edtez","url":"https:\/\/agathabenitez.com\/es\/","logo":{"@type":"ImageObject","inLanguage":"es","@id":"https:\/\/agathabenitez.com\/es\/#\/schema\/logo\/image\/","url":"https:\/\/agathabenitez.com\/wp-content\/uploads\/2026\/02\/logo.svg","contentUrl":"https:\/\/agathabenitez.com\/wp-content\/uploads\/2026\/02\/logo.svg","caption":"Agatha Ben\u00edtez"},"image":{"@id":"https:\/\/agathabenitez.com\/es\/#\/schema\/logo\/image\/"}}]}},"_links":{"self":[{"href":"https:\/\/agathabenitez.com\/es\/wp-json\/wp\/v2\/pages\/2156","targetHints":{"allow":["GET"]}}],"collection":[{"href":"https:\/\/agathabenitez.com\/es\/wp-json\/wp\/v2\/pages"}],"about":[{"href":"https:\/\/agathabenitez.com\/es\/wp-json\/wp\/v2\/types\/page"}],"author":[{"embeddable":true,"href":"https:\/\/agathabenitez.com\/es\/wp-json\/wp\/v2\/users\/7"}],"replies":[{"embeddable":true,"href":"https:\/\/agathabenitez.com\/es\/wp-json\/wp\/v2\/comments?post=2156"}],"version-history":[{"count":4,"href":"https:\/\/agathabenitez.com\/es\/wp-json\/wp\/v2\/pages\/2156\/revisions"}],"predecessor-version":[{"id":2193,"href":"https:\/\/agathabenitez.com\/es\/wp-json\/wp\/v2\/pages\/2156\/revisions\/2193"}],"wp:attachment":[{"href":"https:\/\/agathabenitez.com\/es\/wp-json\/wp\/v2\/media?parent=2156"}],"curies":[{"name":"wp","href":"https:\/\/api.w.org\/{rel}","templated":true}]}}