{"id":2189,"date":"2026-02-18T14:47:42","date_gmt":"2026-02-18T17:47:42","guid":{"rendered":"https:\/\/agatha.test\/politica-de-cookies-ue\/"},"modified":"2026-02-18T17:11:33","modified_gmt":"2026-02-18T20:11:33","slug":"politica-de-cookies-ue","status":"publish","type":"page","link":"https:\/\/agathabenitez.com\/es\/politica-de-cookies\/","title":{"rendered":"Pol\u00edtica de cookies"},"content":{"rendered":"<p><!-- Legal document generated by Complianz | GDPR\/CCPA Cookie Consent https:\/\/wordpress.org\/plugins\/complianz-gdpr --><\/p>\n<div id=\"cmplz-document\" class=\"cmplz-document cookie-statement cmplz-document-eu\">\n<p>Esta Pol\u00edtica de Cookies explica qu\u00e9 son las cookies y c\u00f3mo las utilizamos. Debe leer esta pol\u00edtica para comprender qu\u00e9 tipo de cookies utilizamos, o la informaci\u00f3n que recopilamos utilizando cookies y c\u00f3mo se utiliza esa informaci\u00f3n. Esta Pol\u00edtica de Cookies ha sido creada para\u00a0<strong>Agatha Ben\u00edtez<\/strong>.<\/p>\n<p><strong>\u00bfQu\u00e9 son las cookies?<\/strong>\u00a0Las cookies son peque\u00f1os archivos de texto que se utilizan para almacenar peque\u00f1os fragmentos de informaci\u00f3n. Se almacenan en su dispositivo cuando el sitio web se carga en su navegador. Estas cookies nos ayudan a hacer que el sitio web funcione correctamente, hacerlo m\u00e1s seguro, proporcionar una mejor experiencia de usuario y comprender c\u00f3mo funciona el sitio web y analizar qu\u00e9 funciona y d\u00f3nde necesita mejorar.<\/p>\n<p><strong>\u00bfC\u00f3mo usamos las cookies?<\/strong>\u00a0Como la mayor\u00eda de los servicios en l\u00ednea, nuestro sitio web utiliza cookies propias y de terceros para varios prop\u00f3sitos. Las cookies de origen son principalmente necesarias para que el sitio web funcione correctamente y no recopilan ninguno de sus datos de identificaci\u00f3n personal. Las cookies de terceros utilizadas en nuestro sitio web son principalmente para comprender c\u00f3mo funciona el sitio web, c\u00f3mo interact\u00faa con nuestro sitio web, mantener nuestros servicios seguros, proporcionar anuncios que sean relevantes para usted y, en general, brindarle una experiencia de usuario mejor y mejorada y ayudar a acelerar sus futuras interacciones con nuestro sitio web.<\/p>\n<p><strong>Tipos de Cookies que utilizamos<\/strong><\/p>\n<ul>\n<li><strong>Esenciales:<\/strong>\u00a0Algunas cookies son esenciales para que pueda experimentar la funcionalidad completa de nuestro sitio. Nos permiten mantener sesiones de usuario y prevenir cualquier amenaza de seguridad. No recopilan ni almacenan ninguna informaci\u00f3n personal. Por ejemplo, estas cookies le permiten iniciar sesi\u00f3n en su cuenta y agregar productos a su carrito y pagar de forma segura.<\/li>\n<li><strong>Estad\u00edsticas \/ Anal\u00edticas:<\/strong>\u00a0Estas cookies almacenan informaci\u00f3n como el n\u00famero de visitantes del sitio web, el n\u00famero de visitantes \u00fanicos, qu\u00e9 p\u00e1ginas del sitio web se han visitado, la fuente de la visita, etc. Estos datos nos ayudan a comprender y analizar qu\u00e9 tan bien funciona el sitio web y d\u00f3nde necesita mejorar.<\/li>\n<li><strong>Marketing:<\/strong>\u00a0Si nuestro sitio web muestra anuncios, estas cookies se utilizan para personalizar los anuncios que le mostramos para que sean significativos para usted. Estas cookies tambi\u00e9n nos ayudan a realizar un seguimiento de la eficiencia de estas campa\u00f1as publicitarias.<\/li>\n<li><strong>Funcionales:<\/strong>\u00a0Estas son las cookies que ayudan a ciertas funcionalidades no esenciales en nuestro sitio web. Estas funcionalidades incluyen incrustar contenido como videos o compartir contenido del sitio web en plataformas de redes sociales.<\/li>\n<li><strong>Preferencias:<\/strong>\u00a0Estas cookies nos ayudan a almacenar su configuraci\u00f3n y preferencias de navegaci\u00f3n, como las preferencias de idioma, para que tenga una experiencia mejor y m\u00e1s eficiente en futuras visitas al sitio web.<\/li>\n<\/ul>\n<p><strong>\u00bfC\u00f3mo puedo controlar las preferencias de cookies?<\/strong>\u00a0Puede administrar sus preferencias de cookies haciendo clic en el bot\u00f3n \u00abConfiguraci\u00f3n\u00bb o \u00abGestionar Consentimiento\u00bb en el banner de cookies que act\u00faa en nuestro sitio web. Adem\u00e1s, los diferentes navegadores proporcionan diferentes m\u00e9todos para bloquear y eliminar las cookies utilizadas por los sitios web. Puede cambiar la configuraci\u00f3n de su navegador para bloquear\/eliminar las cookies.<\/p>\n<\/div>\n<p><\/p>","protected":false},"excerpt":{"rendered":"<p>Esta Pol\u00edtica de Cookies explica qu\u00e9 son las cookies y c\u00f3mo las utilizamos. Debe leer esta pol\u00edtica para comprender qu\u00e9 tipo de cookies utilizamos, o la informaci\u00f3n que recopilamos utilizando cookies y c\u00f3mo se utiliza esa informaci\u00f3n. Esta Pol\u00edtica de Cookies ha sido creada para\u00a0Agatha Ben\u00edtez. \u00bfQu\u00e9 son las cookies?\u00a0Las cookies son peque\u00f1os archivos de&hellip; <a class=\"more-link\" href=\"https:\/\/agathabenitez.com\/es\/politica-de-cookies\/\">Seguir leyendo <span class=\"screen-reader-text\">Pol\u00edtica de cookies<\/span><\/a><\/p>\n","protected":false},"author":7,"featured_media":0,"parent":0,"menu_order":0,"comment_status":"closed","ping_status":"closed","template":"","meta":{"_acf_changed":false,"footnotes":""},"class_list":["post-2189","page","type-page","status-publish","hentry","entry"],"acf":[],"yoast_head":"<!-- This site is optimized with the Yoast SEO plugin v27.0 - https:\/\/yoast.com\/product\/yoast-seo-wordpress\/ -->\n<title>Pol\u00edtica de cookies - Agatha Ben\u00edtez<\/title>\n<meta name=\"robots\" content=\"index, follow, max-snippet:-1, max-image-preview:large, max-video-preview:-1\" \/>\n<link rel=\"canonical\" href=\"https:\/\/agathabenitez.com\/es\/politica-de-cookies\/\" \/>\n<meta property=\"og:locale\" content=\"es_ES\" \/>\n<meta property=\"og:type\" content=\"article\" \/>\n<meta property=\"og:title\" content=\"Pol\u00edtica de cookies - Agatha Ben\u00edtez\" \/>\n<meta property=\"og:description\" content=\"Esta Pol\u00edtica de Cookies explica qu\u00e9 son las cookies y c\u00f3mo las utilizamos. Debe leer esta pol\u00edtica para comprender qu\u00e9 tipo de cookies utilizamos, o la informaci\u00f3n que recopilamos utilizando cookies y c\u00f3mo se utiliza esa informaci\u00f3n. Esta Pol\u00edtica de Cookies ha sido creada para\u00a0Agatha Ben\u00edtez. \u00bfQu\u00e9 son las cookies?\u00a0Las cookies son peque\u00f1os archivos de&hellip; Seguir leyendo Pol\u00edtica de cookies\" \/>\n<meta property=\"og:url\" content=\"https:\/\/agathabenitez.com\/es\/politica-de-cookies\/\" \/>\n<meta property=\"og:site_name\" content=\"Agatha Ben\u00edtez\" \/>\n<meta property=\"article:modified_time\" content=\"2026-02-18T20:11:33+00:00\" \/>\n<meta name=\"twitter:card\" content=\"summary_large_image\" \/>\n<meta name=\"twitter:label1\" content=\"Tiempo de lectura\" \/>\n\t<meta name=\"twitter:data1\" content=\"3 minutos\" \/>\n<script type=\"application\/ld+json\" class=\"yoast-schema-graph\">{\"@context\":\"https:\/\/schema.org\",\"@graph\":[{\"@type\":\"WebPage\",\"@id\":\"https:\/\/agathabenitez.com\/es\/politica-de-cookies\/\",\"url\":\"https:\/\/agathabenitez.com\/es\/politica-de-cookies\/\",\"name\":\"Pol\u00edtica de cookies - Agatha Ben\u00edtez\",\"isPartOf\":{\"@id\":\"https:\/\/agathabenitez.com\/es\/#website\"},\"datePublished\":\"2026-02-18T17:47:42+00:00\",\"dateModified\":\"2026-02-18T20:11:33+00:00\",\"breadcrumb\":{\"@id\":\"https:\/\/agathabenitez.com\/es\/politica-de-cookies\/#breadcrumb\"},\"inLanguage\":\"es\",\"potentialAction\":[{\"@type\":\"ReadAction\",\"target\":[[\"https:\/\/agathabenitez.com\/es\/politica-de-cookies\/\"]]}]},{\"@type\":\"BreadcrumbList\",\"@id\":\"https:\/\/agathabenitez.com\/es\/politica-de-cookies\/#breadcrumb\",\"itemListElement\":[{\"@type\":\"ListItem\",\"position\":1,\"name\":\"Portada\",\"item\":\"https:\/\/agathabenitez.com\/es\/\"},{\"@type\":\"ListItem\",\"position\":2,\"name\":\"Pol\u00edtica de cookies\"}]},{\"@type\":\"WebSite\",\"@id\":\"https:\/\/agathabenitez.com\/es\/#website\",\"url\":\"https:\/\/agathabenitez.com\/es\/\",\"name\":\"Agatha Ben\u00edtez\",\"description\":\"Escritora\",\"publisher\":{\"@id\":\"https:\/\/agathabenitez.com\/es\/#organization\"},\"potentialAction\":[{\"@type\":\"SearchAction\",\"target\":{\"@type\":\"EntryPoint\",\"urlTemplate\":\"https:\/\/agathabenitez.com\/es\/?s={search_term_string}\"},\"query-input\":{\"@type\":\"PropertyValueSpecification\",\"valueRequired\":true,\"valueName\":\"search_term_string\"}}],\"inLanguage\":\"es\"},{\"@type\":\"Organization\",\"@id\":\"https:\/\/agathabenitez.com\/es\/#organization\",\"name\":\"Agatha Ben\u00edtez\",\"url\":\"https:\/\/agathabenitez.com\/es\/\",\"logo\":{\"@type\":\"ImageObject\",\"inLanguage\":\"es\",\"@id\":\"https:\/\/agathabenitez.com\/es\/#\/schema\/logo\/image\/\",\"url\":\"https:\/\/agathabenitez.com\/wp-content\/uploads\/2026\/02\/logo.svg\",\"contentUrl\":\"https:\/\/agathabenitez.com\/wp-content\/uploads\/2026\/02\/logo.svg\",\"caption\":\"Agatha Ben\u00edtez\"},\"image\":{\"@id\":\"https:\/\/agathabenitez.com\/es\/#\/schema\/logo\/image\/\"}}]}<\/script>\n<!-- \/ Yoast SEO plugin. -->","yoast_head_json":{"title":"Pol\u00edtica de cookies - Agatha Ben\u00edtez","robots":{"index":"index","follow":"follow","max-snippet":"max-snippet:-1","max-image-preview":"max-image-preview:large","max-video-preview":"max-video-preview:-1"},"canonical":"https:\/\/agathabenitez.com\/es\/politica-de-cookies\/","og_locale":"es_ES","og_type":"article","og_title":"Pol\u00edtica de cookies - Agatha Ben\u00edtez","og_description":"Esta Pol\u00edtica de Cookies explica qu\u00e9 son las cookies y c\u00f3mo las utilizamos. Debe leer esta pol\u00edtica para comprender qu\u00e9 tipo de cookies utilizamos, o la informaci\u00f3n que recopilamos utilizando cookies y c\u00f3mo se utiliza esa informaci\u00f3n. Esta Pol\u00edtica de Cookies ha sido creada para\u00a0Agatha Ben\u00edtez. \u00bfQu\u00e9 son las cookies?\u00a0Las cookies son peque\u00f1os archivos de&hellip; Seguir leyendo Pol\u00edtica de cookies","og_url":"https:\/\/agathabenitez.com\/es\/politica-de-cookies\/","og_site_name":"Agatha Ben\u00edtez","article_modified_time":"2026-02-18T20:11:33+00:00","twitter_card":"summary_large_image","twitter_misc":{"Tiempo de lectura":"3 minutos"},"schema":{"@context":"https:\/\/schema.org","@graph":[{"@type":"WebPage","@id":"https:\/\/agathabenitez.com\/es\/politica-de-cookies\/","url":"https:\/\/agathabenitez.com\/es\/politica-de-cookies\/","name":"Pol\u00edtica de cookies - Agatha Ben\u00edtez","isPartOf":{"@id":"https:\/\/agathabenitez.com\/es\/#website"},"datePublished":"2026-02-18T17:47:42+00:00","dateModified":"2026-02-18T20:11:33+00:00","breadcrumb":{"@id":"https:\/\/agathabenitez.com\/es\/politica-de-cookies\/#breadcrumb"},"inLanguage":"es","potentialAction":[{"@type":"ReadAction","target":[["https:\/\/agathabenitez.com\/es\/politica-de-cookies\/"]]}]},{"@type":"BreadcrumbList","@id":"https:\/\/agathabenitez.com\/es\/politica-de-cookies\/#breadcrumb","itemListElement":[{"@type":"ListItem","position":1,"name":"Portada","item":"https:\/\/agathabenitez.com\/es\/"},{"@type":"ListItem","position":2,"name":"Pol\u00edtica de cookies"}]},{"@type":"WebSite","@id":"https:\/\/agathabenitez.com\/es\/#website","url":"https:\/\/agathabenitez.com\/es\/","name":"Agatha Ben\u00edtez","description":"Escritora","publisher":{"@id":"https:\/\/agathabenitez.com\/es\/#organization"},"potentialAction":[{"@type":"SearchAction","target":{"@type":"EntryPoint","urlTemplate":"https:\/\/agathabenitez.com\/es\/?s={search_term_string}"},"query-input":{"@type":"PropertyValueSpecification","valueRequired":true,"valueName":"search_term_string"}}],"inLanguage":"es"},{"@type":"Organization","@id":"https:\/\/agathabenitez.com\/es\/#organization","name":"Agatha Ben\u00edtez","url":"https:\/\/agathabenitez.com\/es\/","logo":{"@type":"ImageObject","inLanguage":"es","@id":"https:\/\/agathabenitez.com\/es\/#\/schema\/logo\/image\/","url":"https:\/\/agathabenitez.com\/wp-content\/uploads\/2026\/02\/logo.svg","contentUrl":"https:\/\/agathabenitez.com\/wp-content\/uploads\/2026\/02\/logo.svg","caption":"Agatha Ben\u00edtez"},"image":{"@id":"https:\/\/agathabenitez.com\/es\/#\/schema\/logo\/image\/"}}]}},"_links":{"self":[{"href":"https:\/\/agathabenitez.com\/es\/wp-json\/wp\/v2\/pages\/2189","targetHints":{"allow":["GET"]}}],"collection":[{"href":"https:\/\/agathabenitez.com\/es\/wp-json\/wp\/v2\/pages"}],"about":[{"href":"https:\/\/agathabenitez.com\/es\/wp-json\/wp\/v2\/types\/page"}],"author":[{"embeddable":true,"href":"https:\/\/agathabenitez.com\/es\/wp-json\/wp\/v2\/users\/7"}],"replies":[{"embeddable":true,"href":"https:\/\/agathabenitez.com\/es\/wp-json\/wp\/v2\/comments?post=2189"}],"version-history":[{"count":5,"href":"https:\/\/agathabenitez.com\/es\/wp-json\/wp\/v2\/pages\/2189\/revisions"}],"predecessor-version":[{"id":2197,"href":"https:\/\/agathabenitez.com\/es\/wp-json\/wp\/v2\/pages\/2189\/revisions\/2197"}],"wp:attachment":[{"href":"https:\/\/agathabenitez.com\/es\/wp-json\/wp\/v2\/media?parent=2189"}],"curies":[{"name":"wp","href":"https:\/\/api.w.org\/{rel}","templated":true}]}}